{"id":40,"date":"2024-11-26T18:49:55","date_gmt":"2024-11-26T18:49:55","guid":{"rendered":"https:\/\/munckms.com.br\/blog\/contact\/"},"modified":"2024-11-26T20:10:03","modified_gmt":"2024-11-26T20:10:03","slug":"contato","status":"publish","type":"page","link":"https:\/\/munckms.com.br\/blog\/contato\/","title":{"rendered":"Contato"},"content":{"rendered":"\n\n\n<div id=\"ez-toc-container\" class=\"ez-toc-v2_0_80 counter-hierarchy ez-toc-counter ez-toc-grey ez-toc-container-direction\">\n<div class=\"ez-toc-title-container\">\n<p class=\"ez-toc-title\" style=\"cursor:inherit\">Indice de Conte\u00fados<\/p>\n<span class=\"ez-toc-title-toggle\"><a href=\"#\" class=\"ez-toc-pull-right ez-toc-btn ez-toc-btn-xs ez-toc-btn-default ez-toc-toggle\" aria-label=\"Alternar tabela de conte\u00fado\"><span class=\"ez-toc-js-icon-con\"><span class=\"\"><span class=\"eztoc-hide\" style=\"display:none;\">Toggle<\/span><span class=\"ez-toc-icon-toggle-span\"><svg style=\"fill: #999;color:#999\" xmlns=\"http:\/\/www.w3.org\/2000\/svg\" class=\"list-377408\" width=\"20px\" height=\"20px\" viewBox=\"0 0 24 24\" fill=\"none\"><path d=\"M6 6H4v2h2V6zm14 0H8v2h12V6zM4 11h2v2H4v-2zm16 0H8v2h12v-2zM4 16h2v2H4v-2zm16 0H8v2h12v-2z\" fill=\"currentColor\"><\/path><\/svg><svg style=\"fill: #999;color:#999\" class=\"arrow-unsorted-368013\" xmlns=\"http:\/\/www.w3.org\/2000\/svg\" width=\"10px\" height=\"10px\" viewBox=\"0 0 24 24\" version=\"1.2\" baseProfile=\"tiny\"><path d=\"M18.2 9.3l-6.2-6.3-6.2 6.3c-.2.2-.3.4-.3.7s.1.5.3.7c.2.2.4.3.7.3h11c.3 0 .5-.1.7-.3.2-.2.3-.5.3-.7s-.1-.5-.3-.7zM5.8 14.7l6.2 6.3 6.2-6.3c.2-.2.3-.5.3-.7s-.1-.5-.3-.7c-.2-.2-.4-.3-.7-.3h-11c-.3 0-.5.1-.7.3-.2.2-.3.5-.3.7s.1.5.3.7z\"\/><\/svg><\/span><\/span><\/span><\/a><\/span><\/div>\n<nav><ul class='ez-toc-list ez-toc-list-level-1 ' ><li class='ez-toc-page-1 ez-toc-heading-level-1'><a class=\"ez-toc-link ez-toc-heading-1\" href=\"https:\/\/munckms.com.br\/blog\/contato\/#Contato\" >Contato<\/a><\/li><li class='ez-toc-page-1 ez-toc-heading-level-1'><a class=\"ez-toc-link ez-toc-heading-2\" href=\"https:\/\/munckms.com.br\/blog\/contato\/#Contato-2\" >Contato<\/a><ul class='ez-toc-list-level-2' ><li class='ez-toc-heading-level-2'><a class=\"ez-toc-link ez-toc-heading-3\" href=\"https:\/\/munckms.com.br\/blog\/contato\/#Estamos_aqui_para_ajudar_Se_voce_tiver_duvidas_precisar_de_informacoes_sobre_nossos_servicos_de_aluguel_de_containers_Munck_ou_qualquer_outra_consulta_nao_hesite_em_entrar_em_contato\" >Estamos aqui para ajudar! Se voc\u00ea tiver d\u00favidas, precisar de informa\u00e7\u00f5es sobre nossos servi\u00e7os de aluguel de containers, Munck ou qualquer outra consulta, n\u00e3o hesite em entrar em contato.&nbsp;<\/a><\/li><li class='ez-toc-page-1 ez-toc-heading-level-2'><a class=\"ez-toc-link ez-toc-heading-4\" href=\"https:\/\/munckms.com.br\/blog\/contato\/#Fale_conoso\" >Fale conoso<\/a><\/li><\/ul><\/li><\/ul><\/nav><\/div>\n<h1><span class=\"ez-toc-section\" id=\"Contato\"><\/span>Contato<span class=\"ez-toc-section-end\"><\/span><\/h1>\n<p>Home &gt; Contato<\/p>\n\n\n\n\n<h1><span class=\"ez-toc-section\" id=\"Contato-2\"><\/span>Contato<span class=\"ez-toc-section-end\"><\/span><\/h1>\n\n<span style=\"color:#000000;\"><p pagelayer-id=\"ocs6725\" class=\"p-ocs6725 pagelayer-heading fadeInDown pagelayer-wow pagelayer-anim-slow\" align=\"center\" style=\"padding-top: 10px; padding-bottom: 10px; font-variant-numeric: inherit; font-variant-east-asian: inherit; font-variant-alternates: inherit; font-variant-position: inherit; font-variant-emoji: inherit; font-size: medium; line-height: inherit; font-family: Cabin, sans-serif; width: 702px; position: relative; left: 585px; transform: translateX(-50%); height: auto; animation-delay: 600ms; letter-spacing: normal; text-decoration-style: initial; visibility: visible; animation-name: fadeInDown;\"><\/p><p class=\"pagelayer-heading-holder\" style=\"\"><\/p><h2 style=\"\"><span class=\"ez-toc-section\" id=\"Estamos_aqui_para_ajudar_Se_voce_tiver_duvidas_precisar_de_informacoes_sobre_nossos_servicos_de_aluguel_de_containers_Munck_ou_qualquer_outra_consulta_nao_hesite_em_entrar_em_contato\"><\/span><span style=\"font-family: __Montserrat_4bc053, __Montserrat_Fallback_4bc053, ui-sans-serif, system-ui, sans-serif, &quot;Apple Color Emoji&quot;, &quot;Segoe UI Emoji&quot;, &quot;Segoe UI Symbol&quot;, &quot;Noto Color Emoji&quot;; font-size: 14px; font-variant-ligatures: none; text-decoration-style: initial; letter-spacing: normal; text-align: start; background-color: rgba(255, 255, 255, 0.05);\">Estamos aqui para ajudar! Se voc\u00ea tiver d\u00favidas, precisar de informa\u00e7\u00f5es sobre nossos servi\u00e7os de aluguel de containers, Munck ou qualquer outra consulta, n\u00e3o hesite em entrar em contato.&nbsp;<\/span><span class=\"ez-toc-section-end\"><\/span><\/h2><p><\/p><p><\/p><\/span><p pagelayer-id=\"ocs6725\" class=\"p-ocs6725 pagelayer-heading fadeInDown pagelayer-wow pagelayer-anim-slow\" align=\"center\" style=\"padding-top: 10px; padding-bottom: 10px; font-variant-numeric: inherit; font-variant-east-asian: inherit; font-variant-alternates: inherit; font-variant-position: inherit; font-variant-emoji: inherit; font-size: medium; line-height: inherit; font-family: Cabin, sans-serif; width: 702px; position: relative; left: 585px; transform: translateX(-50%); height: auto; animation-delay: 600ms; letter-spacing: normal; text-decoration-style: initial; visibility: visible; animation-name: fadeInDown;\"><p class=\"pagelayer-heading-holder\" style=\"color: rgb(255, 255, 255);\"><h2 style=\"color: rgb(255, 255, 255);\"><span style=\"color: rgb(255, 255, 255); font-family: __Montserrat_4bc053, __Montserrat_Fallback_4bc053, ui-sans-serif, system-ui, sans-serif, &quot;Apple Color Emoji&quot;, &quot;Segoe UI Emoji&quot;, &quot;Segoe UI Symbol&quot;, &quot;Noto Color Emoji&quot;; font-size: 14px; font-variant-ligatures: none; text-decoration-style: initial; letter-spacing: normal; text-align: start; background-color: rgba(255, 255, 255, 0.05);\"><\/span><\/h2><\/p><\/p><h2><p pagelayer-id=\"twi6085\" class=\"p-twi6085 pagelayer-inner_row pagelayer-row-stretch-auto pagelayer-height-default\" style=\"margin-top: 10px; font-variant-numeric: inherit; font-variant-east-asian: inherit; font-variant-alternates: inherit; font-variant-position: inherit; font-variant-emoji: inherit; font-size: medium; line-height: inherit; font-family: Cabin, sans-serif; width: 1170px; letter-spacing: normal; text-align: start; text-decoration-style: initial;\"><p class=\"pagelayer-row-holder pagelayer-row pagelayer-auto pagelayer-width-auto\" style=\"font-style: inherit; font-variant: inherit; font-weight: inherit; font-size: inherit; line-height: inherit; font-family: inherit; width: 1170px;\"><p pagelayer-id=\"ef25449\" class=\"p-ef25449 pagelayer-col\" style=\"padding: 40px; font-style: inherit; font-variant: inherit; font-weight: inherit; font-size: inherit; line-height: inherit; font-family: inherit; width: 1170px; background-image: initial; background-position: initial; background-size: initial; background-repeat: initial; background-attachment: initial; background-origin: initial; background-clip: initial;\"><p class=\"pagelayer-col-holder\" style=\"font-style: inherit; font-variant: inherit; font-weight: inherit; font-size: inherit; line-height: inherit; font-family: inherit; width: 1090px;\"><p pagelayer-id=\"1pz7164\" class=\"p-1pz7164 pagelayer-heading fadeInDown pagelayer-wow\" align=\"center\" style=\"font-style: inherit; font-variant: inherit; font-weight: inherit; font-size: inherit; line-height: inherit; font-family: inherit; width: 1090px; text-align: center; position: relative; animation-delay: 600ms; visibility: visible; animation-name: fadeInDown; z-index: 2 !important;\"><div class=\"pagelayer-heading-holder\" style=\"font-weight: 900 !important; font-size: 20px !important; line-height: 1em !important; text-transform: uppercase !important;\"><\/div><\/p><\/p><\/p><\/p><\/p><\/h2>\n\n\n<h2><span class=\"ez-toc-section\" id=\"Fale_conoso\"><\/span>Fale conoso<span class=\"ez-toc-section-end\"><\/span><\/h2>\n\nEstamos aqui para ajudar! Se voc\u00ea tiver d\u00favidas, precisar de informa\u00e7\u00f5es sobre nossos servi\u00e7os de <a href=\"https:\/\/munckms.com.br\/blog\/aluguel-caminhao-munck-ms\/\">aluguel<\/a> de <a href=\"https:\/\/munckms.com.br\/blog\/container-em-bataguassu-tres-lagoas-regiao-ms\/\">containers<\/a>, <a href=\"https:\/\/munckms.com.br\/blog\/empresa-de-guindastes\/\">Munck<\/a> ou qualquer outra consulta, n\u00e3o hesite em entrar em contato.\n\n\n\n\n\n\n\n\n\n\n\n\n\n\n\n","protected":false},"excerpt":{"rendered":"","protected":false},"author":1,"featured_media":0,"parent":0,"menu_order":0,"comment_status":"closed","ping_status":"closed","template":"","meta":{"footnotes":""},"class_list":["post-40","page","type-page","status-publish"],"_links":{"self":[{"href":"https:\/\/munckms.com.br\/blog\/wp-json\/wp\/v2\/pages\/40","targetHints":{"allow":["GET"]}}],"collection":[{"href":"https:\/\/munckms.com.br\/blog\/wp-json\/wp\/v2\/pages"}],"about":[{"href":"https:\/\/munckms.com.br\/blog\/wp-json\/wp\/v2\/types\/page"}],"author":[{"embeddable":true,"href":"https:\/\/munckms.com.br\/blog\/wp-json\/wp\/v2\/users\/1"}],"replies":[{"embeddable":true,"href":"https:\/\/munckms.com.br\/blog\/wp-json\/wp\/v2\/comments?post=40"}],"version-history":[{"count":0,"href":"https:\/\/munckms.com.br\/blog\/wp-json\/wp\/v2\/pages\/40\/revisions"}],"wp:attachment":[{"href":"https:\/\/munckms.com.br\/blog\/wp-json\/wp\/v2\/media?parent=40"}],"curies":[{"name":"wp","href":"https:\/\/api.w.org\/{rel}","templated":true}]}}